{"id":14,"date":"2024-02-16T10:10:23","date_gmt":"2024-02-16T10:10:23","guid":{"rendered":"https:\/\/fixturbowp.wowtheme7.com\/?page_id=14"},"modified":"2025-10-28T18:36:13","modified_gmt":"2025-10-28T18:36:13","slug":"service","status":"publish","type":"page","link":"https:\/\/efclassoto.com\/?page_id=14","title":{"rendered":"Hizmetlerimiz"},"content":{"rendered":"\t\t<div data-elementor-type=\"wp-page\" data-elementor-id=\"14\" class=\"elementor elementor-14\">\n\t\t\t\t<div class=\"elementor-element elementor-element-4668a84 e-flex e-con-boxed e-con e-parent\" data-id=\"4668a84\" data-element_type=\"container\">\n\t\t\t\t\t<div class=\"e-con-inner\">\n\t\t\t\t<div class=\"elementor-element elementor-element-a563617 elementor-widget elementor-widget-fixturbo-service-grid-list-widget\" data-id=\"a563617\" data-element_type=\"widget\" data-widget_type=\"fixturbo-service-grid-list-widget.default\">\n\t\t\t\t<div class=\"elementor-widget-container\">\n\t\t\t\t\t\n        <div class=\"service-list-item-wrap\">\n            <div class=\"row gy-4 justify-content-center\">\n                                    \n\n                    <div class=\"col-lg-4 col-md-6\">\n                        <div class=\"service-card\">\n                            <div class=\"service-card_content\">\n                                <div class=\"service-card_icon\">\n                                    <img decoding=\"async\" src=\"https:\/\/fixturbowp.wowtheme7.com\/wp-content\/uploads\/2024\/03\/service-icon_1-1.svg\" alt=\"img\">\n                                <\/div>\n                                <h4 class=\"service-card_title h5\"><a href=\"https:\/\/efclassoto.com\/?service=auto-fixers\">Gerede Oto Kurtarma<\/a><\/h4>\n                                <p class=\"service-card_text\">Arac\u0131n\u0131zla yolda  kalman\u0131z durumunda Ef Class Oto 7\/24 yan\u0131n\u0131zda!<\/p>\n                                                                    <a href=\"https:\/\/efclassoto.com\/?service=auto-fixers\" class=\"link-btn\">Read More <i class=\"fas fa-arrow-right\"><\/i><\/a>\n                                                            <\/div>\n                                                            <div class=\"service-card_img\">\n                                    <img decoding=\"async\" src=\"https:\/\/efclassoto.com\/wp-content\/uploads\/2024\/03\/oto-kurtarma.png\" alt=\"\">\n                                <\/div>\n                                                    <\/div>\n                    <\/div>\n\n                                    \n\n                    <div class=\"col-lg-4 col-md-6\">\n                        <div class=\"service-card\">\n                            <div class=\"service-card_content\">\n                                <div class=\"service-card_icon\">\n                                    <img decoding=\"async\" src=\"https:\/\/fixturbowp.wowtheme7.com\/wp-content\/uploads\/2024\/03\/service-icon_1-2.svg\" alt=\"img\">\n                                <\/div>\n                                <h4 class=\"service-card_title h5\"><a href=\"https:\/\/efclassoto.com\/?service=mechanic-masters\">Gerede Oto Y\u0131kama<\/a><\/h4>\n                                <p class=\"service-card_text\">EF Class Oto'da profesyonel oto y\u0131kama konusunda hizmetinizdeyiz.<\/p>\n                                                                    <a href=\"https:\/\/efclassoto.com\/?service=mechanic-masters\" class=\"link-btn\">Read More <i class=\"fas fa-arrow-right\"><\/i><\/a>\n                                                            <\/div>\n                                                            <div class=\"service-card_img\">\n                                    <img decoding=\"async\" src=\"https:\/\/efclassoto.com\/wp-content\/uploads\/2024\/03\/oto-yikama-gerede.png\" alt=\"\">\n                                <\/div>\n                                                    <\/div>\n                    <\/div>\n\n                                    \n\n                    <div class=\"col-lg-4 col-md-6\">\n                        <div class=\"service-card\">\n                            <div class=\"service-card_content\">\n                                <div class=\"service-card_icon\">\n                                    <img decoding=\"async\" src=\"https:\/\/fixturbowp.wowtheme7.com\/wp-content\/uploads\/2024\/03\/service-icon_1-3.svg\" alt=\"img\">\n                                <\/div>\n                                <h4 class=\"service-card_title h5\"><a href=\"https:\/\/efclassoto.com\/?service=drive-in-garage\">Oto Lastik<\/a><\/h4>\n                                <p class=\"service-card_text\">Yeni oto lasti\u011fi, oto lastik de\u011fi\u015fimi ve oto lastik tamiri hizmetleri vermekteyiz<\/p>\n                                                                    <a href=\"https:\/\/efclassoto.com\/?service=drive-in-garage\" class=\"link-btn\">Read More <i class=\"fas fa-arrow-right\"><\/i><\/a>\n                                                            <\/div>\n                                                            <div class=\"service-card_img\">\n                                    <img decoding=\"async\" src=\"https:\/\/efclassoto.com\/wp-content\/uploads\/2024\/03\/oto-lastik.png\" alt=\"\">\n                                <\/div>\n                                                    <\/div>\n                    <\/div>\n\n                                    \n\n                    <div class=\"col-lg-4 col-md-6\">\n                        <div class=\"service-card\">\n                            <div class=\"service-card_content\">\n                                <div class=\"service-card_icon\">\n                                    <img decoding=\"async\" src=\"https:\/\/fixturbowp.wowtheme7.com\/wp-content\/uploads\/2024\/03\/service-icon_1-6.svg\" alt=\"img\">\n                                <\/div>\n                                <h4 class=\"service-card_title h5\"><a href=\"https:\/\/efclassoto.com\/?service=car-care-clinic\">Oto Tamir<\/a><\/h4>\n                                <p class=\"service-card_text\">Oto tamir hizmetlerimiz ile ara\u00e7lar\u0131n\u0131zda olu\u015fan hasarlar\u0131n giderilmesini sa\u011fl\u0131yoruz.<\/p>\n                                                                    <a href=\"https:\/\/efclassoto.com\/?service=car-care-clinic\" class=\"link-btn\">Read More <i class=\"fas fa-arrow-right\"><\/i><\/a>\n                                                            <\/div>\n                                                            <div class=\"service-card_img\">\n                                    <img decoding=\"async\" src=\"https:\/\/efclassoto.com\/wp-content\/uploads\/2024\/03\/tamir2.png\" alt=\"\">\n                                <\/div>\n                                                    <\/div>\n                    <\/div>\n\n                                    \n\n                    <div class=\"col-lg-4 col-md-6\">\n                        <div class=\"service-card\">\n                            <div class=\"service-card_content\">\n                                <div class=\"service-card_icon\">\n                                    <img decoding=\"async\" src=\"https:\/\/fixturbowp.wowtheme7.com\/wp-content\/uploads\/2024\/03\/service-icon_1-5.svg\" alt=\"img\">\n                                <\/div>\n                                <h4 class=\"service-card_title h5\"><a href=\"https:\/\/efclassoto.com\/?service=car-repair-services\">7\/24 Yol Yard\u0131m\u0131<\/a><\/h4>\n                                <p class=\"service-card_text\">T\u00fcrkiye'nin her yerine 7\/24 \"Yol Yard\u0131m\u0131\" hizmetleri vermekteyiz.<\/p>\n                                                                    <a href=\"https:\/\/efclassoto.com\/?service=car-repair-services\" class=\"link-btn\">Read More <i class=\"fas fa-arrow-right\"><\/i><\/a>\n                                                            <\/div>\n                                                            <div class=\"service-card_img\">\n                                    <img decoding=\"async\" src=\"https:\/\/efclassoto.com\/wp-content\/uploads\/2024\/03\/yol.png\" alt=\"\">\n                                <\/div>\n                                                    <\/div>\n                    <\/div>\n\n                                    \n\n                    <div class=\"col-lg-4 col-md-6\">\n                        <div class=\"service-card\">\n                            <div class=\"service-card_content\">\n                                <div class=\"service-card_icon\">\n                                    <img decoding=\"async\" src=\"https:\/\/fixturbowp.wowtheme7.com\/wp-content\/uploads\/2024\/03\/service-icon_1-4.svg\" alt=\"img\">\n                                <\/div>\n                                <h4 class=\"service-card_title h5\"><a href=\"https:\/\/efclassoto.com\/?service=repair-solutions\">Oto Bak\u0131m<\/a><\/h4>\n                                <p class=\"service-card_text\">Ara\u00e7 bak\u0131mlar\u0131n\u0131z\u0131, boyama ve kaplama gibi hizmetlerini ger\u00e7ekle\u015ftiriyoruz.<\/p>\n                                                                    <a href=\"https:\/\/efclassoto.com\/?service=repair-solutions\" class=\"link-btn\">Read More <i class=\"fas fa-arrow-right\"><\/i><\/a>\n                                                            <\/div>\n                                                            <div class=\"service-card_img\">\n                                    <img decoding=\"async\" src=\"https:\/\/efclassoto.com\/wp-content\/uploads\/2024\/03\/service-1-4.png\" alt=\"\">\n                                <\/div>\n                                                    <\/div>\n                    <\/div>\n\n                            <\/div>\n        <\/div>\n        \t\t\t\t<\/div>\n\t\t\t\t<\/div>\n\t\t\t\t\t<\/div>\n\t\t\t\t<\/div>\n\t\t\t\t<\/div>\n\t\t","protected":false},"excerpt":{"rendered":"<p>Auto Fixers A car repair is a service provided to fix any issues or damages with your Read More Mechanic Masters Damages with your A car repair is a service provided to fix any issues or Read More Drive-In Garage Customer satisfaction is crucial for as it leads to customer loyalty. Read More Car Care<\/p>\n","protected":false},"author":1,"featured_media":0,"parent":0,"menu_order":0,"comment_status":"closed","ping_status":"closed","template":"","meta":{"footnotes":""},"class_list":["post-14","page","type-page","status-publish","hentry"],"_links":{"self":[{"href":"https:\/\/efclassoto.com\/index.php?rest_route=\/wp\/v2\/pages\/14","targetHints":{"allow":["GET"]}}],"collection":[{"href":"https:\/\/efclassoto.com\/index.php?rest_route=\/wp\/v2\/pages"}],"about":[{"href":"https:\/\/efclassoto.com\/index.php?rest_route=\/wp\/v2\/types\/page"}],"author":[{"embeddable":true,"href":"https:\/\/efclassoto.com\/index.php?rest_route=\/wp\/v2\/users\/1"}],"replies":[{"embeddable":true,"href":"https:\/\/efclassoto.com\/index.php?rest_route=%2Fwp%2Fv2%2Fcomments&post=14"}],"version-history":[{"count":2,"href":"https:\/\/efclassoto.com\/index.php?rest_route=\/wp\/v2\/pages\/14\/revisions"}],"predecessor-version":[{"id":2332,"href":"https:\/\/efclassoto.com\/index.php?rest_route=\/wp\/v2\/pages\/14\/revisions\/2332"}],"wp:attachment":[{"href":"https:\/\/efclassoto.com\/index.php?rest_route=%2Fwp%2Fv2%2Fmedia&parent=14"}],"curies":[{"name":"wp","href":"https:\/\/api.w.org\/{rel}","templated":true}]}}